{"id":36,"date":"2023-12-23T14:08:31","date_gmt":"2023-12-23T13:08:31","guid":{"rendered":"http:\/\/www.ineovtec.fr\/?page_id=36"},"modified":"2024-04-29T22:59:20","modified_gmt":"2024-04-29T20:59:20","slug":"nos-travaux","status":"publish","type":"page","link":"http:\/\/www.ineovtec.fr\/index.php\/nos-travaux\/","title":{"rendered":"Nos travaux"},"content":{"rendered":"\t\t<div data-elementor-type=\"wp-page\" data-elementor-id=\"36\" class=\"elementor elementor-36\">\n\t\t\t\t<div class=\"elementor-element elementor-element-39aebac e-grid e-con-boxed e-con e-parent\" data-id=\"39aebac\" data-element_type=\"container\">\n\t\t\t\t\t<div class=\"e-con-inner\">\n\t\t\t\t<div class=\"elementor-element elementor-element-35c3565 elementor-widget elementor-widget-image\" data-id=\"35c3565\" data-element_type=\"widget\" data-widget_type=\"image.default\">\n\t\t\t\t<div class=\"elementor-widget-container\">\n\t\t\t<style>\/*! elementor - v3.21.0 - 25-04-2024 *\/\n.elementor-widget-image{text-align:center}.elementor-widget-image a{display:inline-block}.elementor-widget-image a img[src$=\".svg\"]{width:48px}.elementor-widget-image img{vertical-align:middle;display:inline-block}<\/style>\t\t\t\t\t\t\t<figure class=\"wp-caption\">\n\t\t\t\t\t\t\t\t\t\t\t<a href=\"https:\/\/foodtime.fr\">\n\t\t\t\t\t\t\t<img fetchpriority=\"high\" decoding=\"async\" width=\"1024\" height=\"1024\" src=\"http:\/\/www.ineovtec.fr\/wp-content\/uploads\/2024\/04\/package2-1024x1024.jpg\" class=\"attachment-large size-large wp-image-63\" alt=\"\" srcset=\"http:\/\/www.ineovtec.fr\/wp-content\/uploads\/2024\/04\/package2-1024x1024.jpg 1024w, http:\/\/www.ineovtec.fr\/wp-content\/uploads\/2024\/04\/package2-300x300.jpg 300w, http:\/\/www.ineovtec.fr\/wp-content\/uploads\/2024\/04\/package2-150x150.jpg 150w, http:\/\/www.ineovtec.fr\/wp-content\/uploads\/2024\/04\/package2-768x768.jpg 768w, http:\/\/www.ineovtec.fr\/wp-content\/uploads\/2024\/04\/package2-1536x1536.jpg 1536w, http:\/\/www.ineovtec.fr\/wp-content\/uploads\/2024\/04\/package2.jpg 2000w\" sizes=\"(max-width: 1024px) 100vw, 1024px\" \/>\t\t\t\t\t\t\t\t<\/a>\n\t\t\t\t\t\t\t\t\t\t\t<figcaption class=\"widget-image-caption wp-caption-text\">L'Assistant FOOD TIME est la premi\u00e8re solution tout-int\u00e9gr\u00e9e du march\u00e9 con\u00e7u pour les besoins de la restauration professionnelle.  Retrouvez plus d'information sur le site foodtime.fr<\/figcaption>\n\t\t\t\t\t\t\t\t\t\t<\/figure>\n\t\t\t\t\t\t\t<\/div>\n\t\t\t\t<\/div>\n\t\t\t\t<div class=\"elementor-element elementor-element-07a9ab2 elementor-widget elementor-widget-image\" data-id=\"07a9ab2\" data-element_type=\"widget\" data-widget_type=\"image.default\">\n\t\t\t\t<div class=\"elementor-widget-container\">\n\t\t\t\t\t\t\t\t\t\t<figure class=\"wp-caption\">\n\t\t\t\t\t\t\t\t\t\t<img decoding=\"async\" width=\"1024\" height=\"1024\" src=\"http:\/\/www.ineovtec.fr\/wp-content\/uploads\/2024\/04\/c9b0a4c165a9dd4e2d9c2860a637-1024x1024.jpg\" class=\"attachment-large size-large wp-image-83\" alt=\"\" srcset=\"http:\/\/www.ineovtec.fr\/wp-content\/uploads\/2024\/04\/c9b0a4c165a9dd4e2d9c2860a637-1024x1024.jpg 1024w, http:\/\/www.ineovtec.fr\/wp-content\/uploads\/2024\/04\/c9b0a4c165a9dd4e2d9c2860a637-300x300.jpg 300w, http:\/\/www.ineovtec.fr\/wp-content\/uploads\/2024\/04\/c9b0a4c165a9dd4e2d9c2860a637-150x150.jpg 150w, http:\/\/www.ineovtec.fr\/wp-content\/uploads\/2024\/04\/c9b0a4c165a9dd4e2d9c2860a637-768x768.jpg 768w, http:\/\/www.ineovtec.fr\/wp-content\/uploads\/2024\/04\/c9b0a4c165a9dd4e2d9c2860a637.jpg 1200w\" sizes=\"(max-width: 1024px) 100vw, 1024px\" \/>\t\t\t\t\t\t\t\t\t\t\t<figcaption class=\"widget-image-caption wp-caption-text\">Notre client souhaitez connecter ses caves afin de pouvoir les visualiser et contr\u00f4ler \u00e0 distance. C'est chose faite avec nos \u00e9quipes de Recherche et D\u00e9veloppement qui ont permis de r\u00e9pondre aux attentes de notre client.<\/figcaption>\n\t\t\t\t\t\t\t\t\t\t<\/figure>\n\t\t\t\t\t\t\t<\/div>\n\t\t\t\t<\/div>\n\t\t\t\t\t<\/div>\n\t\t\t\t<\/div>\n\t\t\t\t<\/div>\n\t\t","protected":false},"excerpt":{"rendered":"<p>L&rsquo;Assistant FOOD TIME est la premi\u00e8re solution tout-int\u00e9gr\u00e9e du march\u00e9 con\u00e7u pour les besoins de la restauration professionnelle. Retrouvez plus d&rsquo;information sur le site foodtime.fr Notre client souhaitez connecter ses caves afin de pouvoir les visualiser et contr\u00f4ler \u00e0 distance. C&rsquo;est chose faite avec nos \u00e9quipes de Recherche et D\u00e9veloppement qui ont permis de r\u00e9pondre [&hellip;]<\/p>\n","protected":false},"author":1,"featured_media":0,"parent":0,"menu_order":0,"comment_status":"closed","ping_status":"closed","template":"","meta":{"footnotes":""},"class_list":["post-36","page","type-page","status-publish","hentry"],"_links":{"self":[{"href":"http:\/\/www.ineovtec.fr\/index.php\/wp-json\/wp\/v2\/pages\/36","targetHints":{"allow":["GET"]}}],"collection":[{"href":"http:\/\/www.ineovtec.fr\/index.php\/wp-json\/wp\/v2\/pages"}],"about":[{"href":"http:\/\/www.ineovtec.fr\/index.php\/wp-json\/wp\/v2\/types\/page"}],"author":[{"embeddable":true,"href":"http:\/\/www.ineovtec.fr\/index.php\/wp-json\/wp\/v2\/users\/1"}],"replies":[{"embeddable":true,"href":"http:\/\/www.ineovtec.fr\/index.php\/wp-json\/wp\/v2\/comments?post=36"}],"version-history":[{"count":15,"href":"http:\/\/www.ineovtec.fr\/index.php\/wp-json\/wp\/v2\/pages\/36\/revisions"}],"predecessor-version":[{"id":89,"href":"http:\/\/www.ineovtec.fr\/index.php\/wp-json\/wp\/v2\/pages\/36\/revisions\/89"}],"wp:attachment":[{"href":"http:\/\/www.ineovtec.fr\/index.php\/wp-json\/wp\/v2\/media?parent=36"}],"curies":[{"name":"wp","href":"https:\/\/api.w.org\/{rel}","templated":true}]}}